{"id":62,"date":"2025-08-20T16:58:55","date_gmt":"2025-08-20T14:58:55","guid":{"rendered":"https:\/\/www.digitalnesnadno.com\/?page_id=62"},"modified":"2025-08-20T17:00:52","modified_gmt":"2025-08-20T15:00:52","slug":"online-podnikani","status":"publish","type":"page","link":"https:\/\/www.digitalnesnadno.com\/?page_id=62","title":{"rendered":"Online podnik\u00e1n\u00ed"},"content":{"rendered":"","protected":false},"excerpt":{"rendered":"","protected":false},"author":1,"featured_media":0,"parent":0,"menu_order":0,"comment_status":"closed","ping_status":"closed","template":"","meta":{"_uag_custom_page_level_css":"","_kad_post_transparent":"","_kad_post_title":"","_kad_post_layout":"","_kad_post_sidebar_id":"","_kad_post_content_style":"","_kad_post_vertical_padding":"","_kad_post_feature":"","_kad_post_feature_position":"","_kad_post_header":false,"_kad_post_footer":false,"_kad_post_classname":"","footnotes":""},"hashtags":[],"class_list":["post-62","page","type-page","status-publish","hentry"],"yoast_head":"<!-- This site is optimized with the Yoast SEO plugin v25.5 - https:\/\/yoast.com\/wordpress\/plugins\/seo\/ -->\n<title>Online podnik\u00e1n\u00ed - Digit\u00e1ln\u00ed cesta k nez\u00e1vislosti<\/title>\n<meta name=\"description\" content=\"Tvo\u0159 weby, e-booky a kurzy bez paniky a googlen\u00ed. Digit\u00e1ln\u011b snadno \u2013 m\u00edsto, kde si online podnik\u00e1n\u00ed d\u00e1v\u00e1\u0161 k sn\u00eddani.\" \/>\n<meta name=\"robots\" content=\"index, follow, max-snippet:-1, max-image-preview:large, max-video-preview:-1\" \/>\n<link rel=\"canonical\" href=\"http:\/\/www.digitalnesnadno.com\/?page_id=62\" \/>\n<meta property=\"og:locale\" content=\"cs_CZ\" \/>\n<meta property=\"og:type\" content=\"article\" \/>\n<meta property=\"og:title\" content=\"Online podnik\u00e1n\u00ed - Digit\u00e1ln\u00ed cesta k nez\u00e1vislosti\" \/>\n<meta property=\"og:description\" content=\"Tvo\u0159 weby, e-booky a kurzy bez paniky a googlen\u00ed. Digit\u00e1ln\u011b snadno \u2013 m\u00edsto, kde si online podnik\u00e1n\u00ed d\u00e1v\u00e1\u0161 k sn\u00eddani.\" \/>\n<meta property=\"og:url\" content=\"http:\/\/www.digitalnesnadno.com\/?page_id=62\" \/>\n<meta property=\"og:site_name\" content=\"Digit\u00e1ln\u00ed cesta k nez\u00e1vislosti\" \/>\n<meta property=\"article:modified_time\" content=\"2025-08-20T15:00:52+00:00\" \/>\n<meta name=\"twitter:card\" content=\"summary_large_image\" \/>\n<script type=\"application\/ld+json\" class=\"yoast-schema-graph\">{\"@context\":\"https:\/\/schema.org\",\"@graph\":[{\"@type\":\"WebPage\",\"@id\":\"http:\/\/www.digitalnesnadno.com\/?page_id=62\",\"url\":\"http:\/\/www.digitalnesnadno.com\/?page_id=62\",\"name\":\"Online podnik\u00e1n\u00ed - Digit\u00e1ln\u00ed cesta k nez\u00e1vislosti\",\"isPartOf\":{\"@id\":\"https:\/\/www.digitalnesnadno.com\/#website\"},\"datePublished\":\"2025-08-20T14:58:55+00:00\",\"dateModified\":\"2025-08-20T15:00:52+00:00\",\"description\":\"Tvo\u0159 weby, e-booky a kurzy bez paniky a googlen\u00ed. Digit\u00e1ln\u011b snadno \u2013 m\u00edsto, kde si online podnik\u00e1n\u00ed d\u00e1v\u00e1\u0161 k sn\u00eddani.\",\"breadcrumb\":{\"@id\":\"http:\/\/www.digitalnesnadno.com\/?page_id=62#breadcrumb\"},\"inLanguage\":\"cs\",\"potentialAction\":[{\"@type\":\"ReadAction\",\"target\":[\"http:\/\/www.digitalnesnadno.com\/?page_id=62\"]}]},{\"@type\":\"BreadcrumbList\",\"@id\":\"http:\/\/www.digitalnesnadno.com\/?page_id=62#breadcrumb\",\"itemListElement\":[{\"@type\":\"ListItem\",\"position\":1,\"name\":\"Dom\u016f\",\"item\":\"https:\/\/www.digitalnesnadno.com\/\"},{\"@type\":\"ListItem\",\"position\":2,\"name\":\"Online podnik\u00e1n\u00ed\"}]},{\"@type\":\"WebSite\",\"@id\":\"https:\/\/www.digitalnesnadno.com\/#website\",\"url\":\"https:\/\/www.digitalnesnadno.com\/\",\"name\":\"Digit\u00e1ln\u00ed cesta k nez\u00e1vislosti\",\"description\":\"\",\"potentialAction\":[{\"@type\":\"SearchAction\",\"target\":{\"@type\":\"EntryPoint\",\"urlTemplate\":\"https:\/\/www.digitalnesnadno.com\/?s={search_term_string}\"},\"query-input\":{\"@type\":\"PropertyValueSpecification\",\"valueRequired\":true,\"valueName\":\"search_term_string\"}}],\"inLanguage\":\"cs\"}]}<\/script>\n<!-- \/ Yoast SEO plugin. -->","yoast_head_json":{"title":"Online podnik\u00e1n\u00ed - Digit\u00e1ln\u00ed cesta k nez\u00e1vislosti","description":"Tvo\u0159 weby, e-booky a kurzy bez paniky a googlen\u00ed. Digit\u00e1ln\u011b snadno \u2013 m\u00edsto, kde si online podnik\u00e1n\u00ed d\u00e1v\u00e1\u0161 k sn\u00eddani.","robots":{"index":"index","follow":"follow","max-snippet":"max-snippet:-1","max-image-preview":"max-image-preview:large","max-video-preview":"max-video-preview:-1"},"canonical":"http:\/\/www.digitalnesnadno.com\/?page_id=62","og_locale":"cs_CZ","og_type":"article","og_title":"Online podnik\u00e1n\u00ed - Digit\u00e1ln\u00ed cesta k nez\u00e1vislosti","og_description":"Tvo\u0159 weby, e-booky a kurzy bez paniky a googlen\u00ed. Digit\u00e1ln\u011b snadno \u2013 m\u00edsto, kde si online podnik\u00e1n\u00ed d\u00e1v\u00e1\u0161 k sn\u00eddani.","og_url":"http:\/\/www.digitalnesnadno.com\/?page_id=62","og_site_name":"Digit\u00e1ln\u00ed cesta k nez\u00e1vislosti","article_modified_time":"2025-08-20T15:00:52+00:00","twitter_card":"summary_large_image","schema":{"@context":"https:\/\/schema.org","@graph":[{"@type":"WebPage","@id":"http:\/\/www.digitalnesnadno.com\/?page_id=62","url":"http:\/\/www.digitalnesnadno.com\/?page_id=62","name":"Online podnik\u00e1n\u00ed - Digit\u00e1ln\u00ed cesta k nez\u00e1vislosti","isPartOf":{"@id":"https:\/\/www.digitalnesnadno.com\/#website"},"datePublished":"2025-08-20T14:58:55+00:00","dateModified":"2025-08-20T15:00:52+00:00","description":"Tvo\u0159 weby, e-booky a kurzy bez paniky a googlen\u00ed. Digit\u00e1ln\u011b snadno \u2013 m\u00edsto, kde si online podnik\u00e1n\u00ed d\u00e1v\u00e1\u0161 k sn\u00eddani.","breadcrumb":{"@id":"http:\/\/www.digitalnesnadno.com\/?page_id=62#breadcrumb"},"inLanguage":"cs","potentialAction":[{"@type":"ReadAction","target":["http:\/\/www.digitalnesnadno.com\/?page_id=62"]}]},{"@type":"BreadcrumbList","@id":"http:\/\/www.digitalnesnadno.com\/?page_id=62#breadcrumb","itemListElement":[{"@type":"ListItem","position":1,"name":"Dom\u016f","item":"https:\/\/www.digitalnesnadno.com\/"},{"@type":"ListItem","position":2,"name":"Online podnik\u00e1n\u00ed"}]},{"@type":"WebSite","@id":"https:\/\/www.digitalnesnadno.com\/#website","url":"https:\/\/www.digitalnesnadno.com\/","name":"Digit\u00e1ln\u00ed cesta k nez\u00e1vislosti","description":"","potentialAction":[{"@type":"SearchAction","target":{"@type":"EntryPoint","urlTemplate":"https:\/\/www.digitalnesnadno.com\/?s={search_term_string}"},"query-input":{"@type":"PropertyValueSpecification","valueRequired":true,"valueName":"search_term_string"}}],"inLanguage":"cs"}]}},"uagb_featured_image_src":{"full":false,"thumbnail":false,"medium":false,"medium_large":false,"large":false,"1536x1536":false,"2048x2048":false,"mailpoet_newsletter_max":false},"uagb_author_info":{"display_name":"admin","author_link":"https:\/\/www.digitalnesnadno.com\/?author=1"},"uagb_comment_info":0,"uagb_excerpt":null,"_links":{"self":[{"href":"https:\/\/www.digitalnesnadno.com\/index.php?rest_route=\/wp\/v2\/pages\/62","targetHints":{"allow":["GET"]}}],"collection":[{"href":"https:\/\/www.digitalnesnadno.com\/index.php?rest_route=\/wp\/v2\/pages"}],"about":[{"href":"https:\/\/www.digitalnesnadno.com\/index.php?rest_route=\/wp\/v2\/types\/page"}],"author":[{"embeddable":true,"href":"https:\/\/www.digitalnesnadno.com\/index.php?rest_route=\/wp\/v2\/users\/1"}],"replies":[{"embeddable":true,"href":"https:\/\/www.digitalnesnadno.com\/index.php?rest_route=%2Fwp%2Fv2%2Fcomments&post=62"}],"version-history":[{"count":2,"href":"https:\/\/www.digitalnesnadno.com\/index.php?rest_route=\/wp\/v2\/pages\/62\/revisions"}],"predecessor-version":[{"id":204,"href":"https:\/\/www.digitalnesnadno.com\/index.php?rest_route=\/wp\/v2\/pages\/62\/revisions\/204"}],"wp:attachment":[{"href":"https:\/\/www.digitalnesnadno.com\/index.php?rest_route=%2Fwp%2Fv2%2Fmedia&parent=62"}],"wp:term":[{"taxonomy":"hashtags","embeddable":true,"href":"https:\/\/www.digitalnesnadno.com\/index.php?rest_route=%2Fwp%2Fv2%2Fhashtags&post=62"}],"curies":[{"name":"wp","href":"https:\/\/api.w.org\/{rel}","templated":true}]}}